{"id":328,"date":"2022-11-24T13:55:10","date_gmt":"2022-11-24T12:55:10","guid":{"rendered":"https:\/\/www.gnd-spedi.de\/zoll\/"},"modified":"2022-11-25T15:01:59","modified_gmt":"2022-11-25T14:01:59","slug":"gumrukleme","status":"publish","type":"page","link":"https:\/\/www.gnd-spedi.de\/tr\/gumrukleme\/","title":{"rendered":"G\u00fcmr\u00fckleme"},"content":{"rendered":"<p>Yurt d\u0131\u015f\u0131 g\u00fcmr\u00fckleme i\u015flemlerini grup \u015firketlerinden Gnd Gmbh ile yurt i\u00e7inde ise g\u00fcmr\u00fck mevzuat\u0131 gere\u011fi; 30 y\u0131ll\u0131k deneyime sahip, karde\u015f \u015firketimizle i\u015fbirli\u011fi yaparak &#8221; tek kurumsal muhatapl\u0131k&#8221; sistemi gere\u011fi \u00fcstlenir.<\/p>\n<p>M\u00fc\u015fterileri ihtiya\u00e7lar\u0131na \u00e7\u00f6z\u00fcm olmak ad\u0131na; profosyonel olarak; proje, \u00f6n maliyet analizleri, ithalat \u2013 ihracat yapabilme performans\u0131, izinler, expertiz i\u015flemleri, gtip tespiti; dahili i\u015fleme ve te\u015fvik belgesi gibi konularda hizmet sunulmaktad\u0131r.<\/p>\n","protected":false},"excerpt":{"rendered":"<p>Yurt d\u0131\u015f\u0131 g\u00fcmr\u00fckleme i\u015flemlerini grup \u015firketlerinden Gnd Gmbh ile yurt i\u00e7inde ise g\u00fcmr\u00fck mevzuat\u0131 gere\u011fi; 30 y\u0131ll\u0131k deneyime sahip, karde\u015f \u015firketimizle i\u015fbirli\u011fi yaparak &#8221; tek kurumsal<span class=\"excerpt-hellip\"> [\u2026]<\/span><\/p>\n","protected":false},"author":1,"featured_media":138,"parent":0,"menu_order":0,"comment_status":"closed","ping_status":"closed","template":"","meta":{"rs_blank_template":"","rs_page_bg_color":"","slide_template_v7":"","footnotes":""},"class_list":["post-328","page","type-page","status-publish","has-post-thumbnail","hentry"],"_links":{"self":[{"href":"https:\/\/www.gnd-spedi.de\/tr\/wp-json\/wp\/v2\/pages\/328","targetHints":{"allow":["GET"]}}],"collection":[{"href":"https:\/\/www.gnd-spedi.de\/tr\/wp-json\/wp\/v2\/pages"}],"about":[{"href":"https:\/\/www.gnd-spedi.de\/tr\/wp-json\/wp\/v2\/types\/page"}],"author":[{"embeddable":true,"href":"https:\/\/www.gnd-spedi.de\/tr\/wp-json\/wp\/v2\/users\/1"}],"replies":[{"embeddable":true,"href":"https:\/\/www.gnd-spedi.de\/tr\/wp-json\/wp\/v2\/comments?post=328"}],"version-history":[{"count":0,"href":"https:\/\/www.gnd-spedi.de\/tr\/wp-json\/wp\/v2\/pages\/328\/revisions"}],"wp:featuredmedia":[{"embeddable":true,"href":"https:\/\/www.gnd-spedi.de\/tr\/wp-json\/wp\/v2\/media\/138"}],"wp:attachment":[{"href":"https:\/\/www.gnd-spedi.de\/tr\/wp-json\/wp\/v2\/media?parent=328"}],"curies":[{"name":"wp","href":"https:\/\/api.w.org\/{rel}","templated":true}]}}