{"id":322,"date":"2022-11-24T13:54:48","date_gmt":"2022-11-24T12:54:48","guid":{"rendered":"https:\/\/www.gnd-spedi.de\/lagerlogistik\/"},"modified":"2022-11-25T15:00:41","modified_gmt":"2022-11-25T14:00:41","slug":"depolama-dagitim","status":"publish","type":"page","link":"https:\/\/www.gnd-spedi.de\/tr\/depolama-dagitim\/","title":{"rendered":"Depolama &#8211; Da\u011f\u0131t\u0131m"},"content":{"rendered":"<p>GND Ankara Lojistik \u00dcss\u00fc i\u00e7indeki ana deposu, \u0130stanbul \u015eube deposu ve Avrupa merkez M\u00fcnih deposu ile<\/p>\n<ul>\n<li>yurt i\u00e7i ve yurt d\u0131\u015f\u0131nda depolama<\/li>\n<li>g\u00fcmr\u00fck evrak tanzimi,<\/li>\n<li>elle\u00e7leme<\/li>\n<li>barkodlama<\/li>\n<li>stok y\u00f6netimi<\/li>\n<li>envanter kontrol\u00fc<\/li>\n<li>adrese teslim da\u011f\u0131t\u0131m hizmeti sunmaktad\u0131r.<\/li>\n<\/ul>\n<p>Depolar,<\/p>\n<ul>\n<li>teknolojiye uygun yang\u0131n s\u00f6nd\u00fcrme cihazlar\u0131n\u0131n bulundu\u011fu tesisat, donan\u0131m ve d\u00fczeneklere,<\/li>\n<li>E\u015fyan\u0131n depo i\u00e7inde kolayl\u0131kla ve emniyetle ara\u00e7lardan bo\u015faltmas\u0131, istiflenmesi, tart\u0131lmas\u0131, \u00f6l\u00e7\u00fclmesi gibi, hizmetlerin yap\u0131lmas\u0131na ve ta\u015f\u0131tlara y\u00fcklenmesine yarayan gerekli donan\u0131ma sahiptir.<\/li>\n<\/ul>\n","protected":false},"excerpt":{"rendered":"<p>GND Ankara Lojistik \u00dcss\u00fc i\u00e7indeki ana deposu, \u0130stanbul \u015eube deposu ve Avrupa merkez M\u00fcnih deposu ile yurt i\u00e7i ve yurt d\u0131\u015f\u0131nda depolama g\u00fcmr\u00fck evrak tanzimi, elle\u00e7leme<span class=\"excerpt-hellip\"> [\u2026]<\/span><\/p>\n","protected":false},"author":1,"featured_media":138,"parent":0,"menu_order":0,"comment_status":"closed","ping_status":"closed","template":"","meta":{"rs_blank_template":"","rs_page_bg_color":"","slide_template_v7":"","footnotes":""},"class_list":["post-322","page","type-page","status-publish","has-post-thumbnail","hentry"],"_links":{"self":[{"href":"https:\/\/www.gnd-spedi.de\/tr\/wp-json\/wp\/v2\/pages\/322","targetHints":{"allow":["GET"]}}],"collection":[{"href":"https:\/\/www.gnd-spedi.de\/tr\/wp-json\/wp\/v2\/pages"}],"about":[{"href":"https:\/\/www.gnd-spedi.de\/tr\/wp-json\/wp\/v2\/types\/page"}],"author":[{"embeddable":true,"href":"https:\/\/www.gnd-spedi.de\/tr\/wp-json\/wp\/v2\/users\/1"}],"replies":[{"embeddable":true,"href":"https:\/\/www.gnd-spedi.de\/tr\/wp-json\/wp\/v2\/comments?post=322"}],"version-history":[{"count":0,"href":"https:\/\/www.gnd-spedi.de\/tr\/wp-json\/wp\/v2\/pages\/322\/revisions"}],"wp:featuredmedia":[{"embeddable":true,"href":"https:\/\/www.gnd-spedi.de\/tr\/wp-json\/wp\/v2\/media\/138"}],"wp:attachment":[{"href":"https:\/\/www.gnd-spedi.de\/tr\/wp-json\/wp\/v2\/media?parent=322"}],"curies":[{"name":"wp","href":"https:\/\/api.w.org\/{rel}","templated":true}]}}