{"id":286,"date":"2022-11-24T13:50:53","date_gmt":"2022-11-24T12:50:53","guid":{"rendered":"https:\/\/www.gnd-spedi.de\/karayolu-tasimaciligi\/coil-transport\/"},"modified":"2022-11-25T14:46:42","modified_gmt":"2022-11-25T13:46:42","slug":"rulo-sac-tasimaciligi","status":"publish","type":"page","link":"https:\/\/www.gnd-spedi.de\/tr\/karayolu-tasimaciligi\/rulo-sac-tasimaciligi\/","title":{"rendered":"Rulo Sa\u00e7 Ta\u015f\u0131mac\u0131l\u0131\u011f\u0131"},"content":{"rendered":"<p>GND filosunda bulunan; \u00d6zel olarak tasarlanmis rulo havuzlu ve \u00f6zel ekipmanli dorseleriyle, rulo sac malzemelerinizin en g\u00fcvenli sekilde musterilerine teslim etmektedir.<\/p>\n","protected":false},"excerpt":{"rendered":"<p>GND filosunda bulunan; \u00d6zel olarak tasarlanmis rulo havuzlu ve \u00f6zel ekipmanli dorseleriyle, rulo sac malzemelerinizin en g\u00fcvenli sekilde musterilerine teslim etmektedir.<\/p>\n","protected":false},"author":1,"featured_media":138,"parent":238,"menu_order":0,"comment_status":"closed","ping_status":"closed","template":"","meta":{"rs_blank_template":"","rs_page_bg_color":"","slide_template_v7":"","footnotes":""},"class_list":["post-286","page","type-page","status-publish","has-post-thumbnail","hentry"],"_links":{"self":[{"href":"https:\/\/www.gnd-spedi.de\/tr\/wp-json\/wp\/v2\/pages\/286","targetHints":{"allow":["GET"]}}],"collection":[{"href":"https:\/\/www.gnd-spedi.de\/tr\/wp-json\/wp\/v2\/pages"}],"about":[{"href":"https:\/\/www.gnd-spedi.de\/tr\/wp-json\/wp\/v2\/types\/page"}],"author":[{"embeddable":true,"href":"https:\/\/www.gnd-spedi.de\/tr\/wp-json\/wp\/v2\/users\/1"}],"replies":[{"embeddable":true,"href":"https:\/\/www.gnd-spedi.de\/tr\/wp-json\/wp\/v2\/comments?post=286"}],"version-history":[{"count":0,"href":"https:\/\/www.gnd-spedi.de\/tr\/wp-json\/wp\/v2\/pages\/286\/revisions"}],"up":[{"embeddable":true,"href":"https:\/\/www.gnd-spedi.de\/tr\/wp-json\/wp\/v2\/pages\/238"}],"wp:featuredmedia":[{"embeddable":true,"href":"https:\/\/www.gnd-spedi.de\/tr\/wp-json\/wp\/v2\/media\/138"}],"wp:attachment":[{"href":"https:\/\/www.gnd-spedi.de\/tr\/wp-json\/wp\/v2\/media?parent=286"}],"curies":[{"name":"wp","href":"https:\/\/api.w.org\/{rel}","templated":true}]}}