{"id":280,"date":"2022-11-24T13:50:29","date_gmt":"2022-11-24T12:50:29","guid":{"rendered":"https:\/\/www.gnd-spedi.de\/karayolu-tasimaciligi\/gefahrguttransport\/"},"modified":"2022-11-25T14:45:26","modified_gmt":"2022-11-25T13:45:26","slug":"imco-tasimacilik","status":"publish","type":"page","link":"https:\/\/www.gnd-spedi.de\/tr\/karayolu-tasimaciligi\/imco-tasimacilik\/","title":{"rendered":"\u0130mco Ta\u015f\u0131mac\u0131l\u0131k"},"content":{"rendered":"<p>Uzman y\u00f6netici kadrosu, ADR ehliyetli \u015fof\u00f6rleri ve \u00f6zel donan\u0131ml\u0131 ara\u00e7lar\u0131yla GND, tehlikeli ve a\u011f\u0131r tonajl\u0131 y\u00fcklere g\u00fcvenli seyir ve bilgilendirme hizmeti vermektedir.<\/p>\n","protected":false},"excerpt":{"rendered":"<p>Uzman y\u00f6netici kadrosu, ADR ehliyetli \u015fof\u00f6rleri ve \u00f6zel donan\u0131ml\u0131 ara\u00e7lar\u0131yla GND, tehlikeli ve a\u011f\u0131r tonajl\u0131 y\u00fcklere g\u00fcvenli seyir ve bilgilendirme hizmeti vermektedir.<\/p>\n","protected":false},"author":1,"featured_media":138,"parent":238,"menu_order":0,"comment_status":"closed","ping_status":"closed","template":"","meta":{"rs_blank_template":"","rs_page_bg_color":"","slide_template_v7":"","footnotes":""},"class_list":["post-280","page","type-page","status-publish","has-post-thumbnail","hentry"],"_links":{"self":[{"href":"https:\/\/www.gnd-spedi.de\/tr\/wp-json\/wp\/v2\/pages\/280","targetHints":{"allow":["GET"]}}],"collection":[{"href":"https:\/\/www.gnd-spedi.de\/tr\/wp-json\/wp\/v2\/pages"}],"about":[{"href":"https:\/\/www.gnd-spedi.de\/tr\/wp-json\/wp\/v2\/types\/page"}],"author":[{"embeddable":true,"href":"https:\/\/www.gnd-spedi.de\/tr\/wp-json\/wp\/v2\/users\/1"}],"replies":[{"embeddable":true,"href":"https:\/\/www.gnd-spedi.de\/tr\/wp-json\/wp\/v2\/comments?post=280"}],"version-history":[{"count":0,"href":"https:\/\/www.gnd-spedi.de\/tr\/wp-json\/wp\/v2\/pages\/280\/revisions"}],"up":[{"embeddable":true,"href":"https:\/\/www.gnd-spedi.de\/tr\/wp-json\/wp\/v2\/pages\/238"}],"wp:featuredmedia":[{"embeddable":true,"href":"https:\/\/www.gnd-spedi.de\/tr\/wp-json\/wp\/v2\/media\/138"}],"wp:attachment":[{"href":"https:\/\/www.gnd-spedi.de\/tr\/wp-json\/wp\/v2\/media?parent=280"}],"curies":[{"name":"wp","href":"https:\/\/api.w.org\/{rel}","templated":true}]}}