{"id":250,"date":"2022-11-24T13:49:15","date_gmt":"2022-11-24T12:49:15","guid":{"rendered":"https:\/\/www.gnd-spedi.de\/karayolu-tasimaciligi\/sammelgut-und-stueckgutverkehr\/"},"modified":"2022-11-25T14:35:51","modified_gmt":"2022-11-25T13:35:51","slug":"parsiyel-tasimacilik","status":"publish","type":"page","link":"https:\/\/www.gnd-spedi.de\/tr\/karayolu-tasimaciligi\/parsiyel-tasimacilik\/","title":{"rendered":"Parsiyel Ta\u015f\u0131mac\u0131l\u0131k"},"content":{"rendered":"<p>GND, m\u00fc\u015fterilerinden ald\u0131\u011f\u0131 y\u00fckleri kendi deposunda toplayarak, sevkiyat zaman\u0131nda g\u00fcmr\u00fck giri\u015f i\u015flemleri tamamland\u0131ktan sonra uygun ara\u00e7 temini ile sevkiyat\u0131 ger\u00e7ekle\u015ftirir.<\/p>\n<ul>\n<li>Her g\u00fcn T\u00fcrkiye-Almanya-T\u00fcrkiye hatt\u0131nda d\u00fczenli komple-parsiyel ihracat ve ithalat \u00e7\u0131k\u0131\u015flar\u0131m\u0131z mevcuttur.<\/li>\n<li>Geni\u015f ara\u00e7 park\u0131m\u0131z sayesinde m\u00fc\u015fterilerimizin ihtiyac\u0131na g\u00f6re ekstra donan\u0131m ve kapasitede ara\u00e7 sunumu yap\u0131lmaktad\u0131r.<\/li>\n<\/ul>\n","protected":false},"excerpt":{"rendered":"<p>GND, m\u00fc\u015fterilerinden ald\u0131\u011f\u0131 y\u00fckleri kendi deposunda toplayarak, sevkiyat zaman\u0131nda g\u00fcmr\u00fck giri\u015f i\u015flemleri tamamland\u0131ktan sonra uygun ara\u00e7 temini ile sevkiyat\u0131 ger\u00e7ekle\u015ftirir. Her g\u00fcn T\u00fcrkiye-Almanya-T\u00fcrkiye hatt\u0131nda d\u00fczenli komple-parsiyel<span class=\"excerpt-hellip\"> [\u2026]<\/span><\/p>\n","protected":false},"author":1,"featured_media":138,"parent":238,"menu_order":0,"comment_status":"closed","ping_status":"closed","template":"","meta":{"rs_blank_template":"","rs_page_bg_color":"","slide_template_v7":"","footnotes":""},"class_list":["post-250","page","type-page","status-publish","has-post-thumbnail","hentry"],"_links":{"self":[{"href":"https:\/\/www.gnd-spedi.de\/tr\/wp-json\/wp\/v2\/pages\/250","targetHints":{"allow":["GET"]}}],"collection":[{"href":"https:\/\/www.gnd-spedi.de\/tr\/wp-json\/wp\/v2\/pages"}],"about":[{"href":"https:\/\/www.gnd-spedi.de\/tr\/wp-json\/wp\/v2\/types\/page"}],"author":[{"embeddable":true,"href":"https:\/\/www.gnd-spedi.de\/tr\/wp-json\/wp\/v2\/users\/1"}],"replies":[{"embeddable":true,"href":"https:\/\/www.gnd-spedi.de\/tr\/wp-json\/wp\/v2\/comments?post=250"}],"version-history":[{"count":0,"href":"https:\/\/www.gnd-spedi.de\/tr\/wp-json\/wp\/v2\/pages\/250\/revisions"}],"up":[{"embeddable":true,"href":"https:\/\/www.gnd-spedi.de\/tr\/wp-json\/wp\/v2\/pages\/238"}],"wp:featuredmedia":[{"embeddable":true,"href":"https:\/\/www.gnd-spedi.de\/tr\/wp-json\/wp\/v2\/media\/138"}],"wp:attachment":[{"href":"https:\/\/www.gnd-spedi.de\/tr\/wp-json\/wp\/v2\/media?parent=250"}],"curies":[{"name":"wp","href":"https:\/\/api.w.org\/{rel}","templated":true}]}}