{"id":244,"date":"2022-11-24T13:48:43","date_gmt":"2022-11-24T12:48:43","guid":{"rendered":"https:\/\/www.gnd-spedi.de\/karayolu-tasimaciligi\/kontraktlogistik\/"},"modified":"2022-11-25T14:27:08","modified_gmt":"2022-11-25T13:27:08","slug":"kontrat-lojistigi","status":"publish","type":"page","link":"https:\/\/www.gnd-spedi.de\/tr\/karayolu-tasimaciligi\/kontrat-lojistigi\/","title":{"rendered":"Kontrat Lojisti\u011fi"},"content":{"rendered":"<p>GND olarak \u00e7eyrek as\u0131rd\u0131r devam eden ba\u015far\u0131yla y\u00fcr\u00fctt\u00fc\u011f\u00fc projelerini her ge\u00e7en g\u00fcn geli\u015ftirmenin hakl\u0131 onurunu ya\u015famaktad\u0131r. Elektronik ortamda malzeme sipari\u015fiyle ba\u015flayan bu hizmet, tedarik\u00e7ilerden \u00fcretim band\u0131na teslimine kadar olan t\u00fcm s\u00fcre\u00e7leri i\u00e7ermektedir. T\u00fcm GND \u00e7al\u0131\u015fanlar\u0131; \u00fcretim ya da sat\u0131\u015f s\u00fcrecinde &#8220;zaman\u0131nda teslimin&#8221; b\u00fcy\u00fck \u00f6nem ta\u015f\u0131d\u0131\u011f\u0131n\u0131n bilincindedir.<\/p>\n","protected":false},"excerpt":{"rendered":"<p>GND olarak \u00e7eyrek as\u0131rd\u0131r devam eden ba\u015far\u0131yla y\u00fcr\u00fctt\u00fc\u011f\u00fc projelerini her ge\u00e7en g\u00fcn geli\u015ftirmenin hakl\u0131 onurunu ya\u015famaktad\u0131r. Elektronik ortamda malzeme sipari\u015fiyle ba\u015flayan bu hizmet, tedarik\u00e7ilerden \u00fcretim band\u0131na<span class=\"excerpt-hellip\"> [\u2026]<\/span><\/p>\n","protected":false},"author":1,"featured_media":138,"parent":238,"menu_order":0,"comment_status":"closed","ping_status":"closed","template":"","meta":{"rs_blank_template":"","rs_page_bg_color":"","slide_template_v7":"","footnotes":""},"class_list":["post-244","page","type-page","status-publish","has-post-thumbnail","hentry"],"_links":{"self":[{"href":"https:\/\/www.gnd-spedi.de\/tr\/wp-json\/wp\/v2\/pages\/244","targetHints":{"allow":["GET"]}}],"collection":[{"href":"https:\/\/www.gnd-spedi.de\/tr\/wp-json\/wp\/v2\/pages"}],"about":[{"href":"https:\/\/www.gnd-spedi.de\/tr\/wp-json\/wp\/v2\/types\/page"}],"author":[{"embeddable":true,"href":"https:\/\/www.gnd-spedi.de\/tr\/wp-json\/wp\/v2\/users\/1"}],"replies":[{"embeddable":true,"href":"https:\/\/www.gnd-spedi.de\/tr\/wp-json\/wp\/v2\/comments?post=244"}],"version-history":[{"count":0,"href":"https:\/\/www.gnd-spedi.de\/tr\/wp-json\/wp\/v2\/pages\/244\/revisions"}],"up":[{"embeddable":true,"href":"https:\/\/www.gnd-spedi.de\/tr\/wp-json\/wp\/v2\/pages\/238"}],"wp:featuredmedia":[{"embeddable":true,"href":"https:\/\/www.gnd-spedi.de\/tr\/wp-json\/wp\/v2\/media\/138"}],"wp:attachment":[{"href":"https:\/\/www.gnd-spedi.de\/tr\/wp-json\/wp\/v2\/media?parent=244"}],"curies":[{"name":"wp","href":"https:\/\/api.w.org\/{rel}","templated":true}]}}