{"id":222,"date":"2022-11-24T12:43:42","date_gmt":"2022-11-24T11:43:42","guid":{"rendered":"https:\/\/www.gnd-spedi.de\/fuhrpark\/"},"modified":"2022-11-25T14:18:25","modified_gmt":"2022-11-25T13:18:25","slug":"arac-parkimiz","status":"publish","type":"page","link":"https:\/\/www.gnd-spedi.de\/tr\/arac-parkimiz\/","title":{"rendered":"Ara\u00e7 Park\u0131m\u0131z"},"content":{"rendered":"","protected":false},"excerpt":{"rendered":"","protected":false},"author":1,"featured_media":101,"parent":0,"menu_order":0,"comment_status":"closed","ping_status":"closed","template":"","meta":{"rs_blank_template":"","rs_page_bg_color":"","slide_template_v7":"","footnotes":""},"class_list":["post-222","page","type-page","status-publish","has-post-thumbnail","hentry"],"_links":{"self":[{"href":"https:\/\/www.gnd-spedi.de\/tr\/wp-json\/wp\/v2\/pages\/222","targetHints":{"allow":["GET"]}}],"collection":[{"href":"https:\/\/www.gnd-spedi.de\/tr\/wp-json\/wp\/v2\/pages"}],"about":[{"href":"https:\/\/www.gnd-spedi.de\/tr\/wp-json\/wp\/v2\/types\/page"}],"author":[{"embeddable":true,"href":"https:\/\/www.gnd-spedi.de\/tr\/wp-json\/wp\/v2\/users\/1"}],"replies":[{"embeddable":true,"href":"https:\/\/www.gnd-spedi.de\/tr\/wp-json\/wp\/v2\/comments?post=222"}],"version-history":[{"count":0,"href":"https:\/\/www.gnd-spedi.de\/tr\/wp-json\/wp\/v2\/pages\/222\/revisions"}],"wp:featuredmedia":[{"embeddable":true,"href":"https:\/\/www.gnd-spedi.de\/tr\/wp-json\/wp\/v2\/media\/101"}],"wp:attachment":[{"href":"https:\/\/www.gnd-spedi.de\/tr\/wp-json\/wp\/v2\/media?parent=222"}],"curies":[{"name":"wp","href":"https:\/\/api.w.org\/{rel}","templated":true}]}}